{"id":65,"date":"2025-06-03T20:30:55","date_gmt":"2025-06-03T20:30:55","guid":{"rendered":"https:\/\/edu3dkacja.rzeszow.pl\/?page_id=65"},"modified":"2025-06-03T20:38:49","modified_gmt":"2025-06-03T20:38:49","slug":"cennik","status":"publish","type":"page","link":"https:\/\/edu3dkacja.rzeszow.pl\/?page_id=65","title":{"rendered":"Cennik"},"content":{"rendered":"\t\t<div data-elementor-type=\"wp-page\" data-elementor-id=\"65\" class=\"elementor elementor-65\" data-elementor-post-type=\"page\">\n\t\t\t\t<div class=\"elementor-element elementor-element-5cb19c e-flex e-con-boxed e-con e-parent\" data-id=\"5cb19c\" data-element_type=\"container\">\n\t\t\t\t\t<div class=\"e-con-inner\">\n\t\t<div class=\"elementor-element elementor-element-615b7d16 e-con-full e-flex e-con e-child\" data-id=\"615b7d16\" data-element_type=\"container\">\n\t\t\t\t<div class=\"elementor-element elementor-element-607cf37 elementor-widget elementor-widget-heading\" data-id=\"607cf37\" data-element_type=\"widget\" data-widget_type=\"heading.default\">\n\t\t\t\t<div class=\"elementor-widget-container\">\n\t\t\t\t\t<h2 class=\"elementor-heading-title elementor-size-default\">Cennik<\/h2>\t\t\t\t<\/div>\n\t\t\t\t<\/div>\n\t\t\t\t<\/div>\n\t\t<div class=\"elementor-element elementor-element-1f1dc11a e-con-full e-flex e-con e-child\" data-id=\"1f1dc11a\" data-element_type=\"container\">\n\t\t\t\t<div class=\"elementor-element elementor-element-e57d66a elementor-view-default elementor-widget elementor-widget-icon\" data-id=\"e57d66a\" data-element_type=\"widget\" data-widget_type=\"icon.default\">\n\t\t\t\t<div class=\"elementor-widget-container\">\n\t\t\t\t\t\t\t<div class=\"elementor-icon-wrapper\">\n\t\t\t<div class=\"elementor-icon\">\n\t\t\t<svg aria-hidden=\"true\" class=\"e-font-icon-svg e-fas-circle\" viewBox=\"0 0 512 512\" xmlns=\"http:\/\/www.w3.org\/2000\/svg\"><path d=\"M256 8C119 8 8 119 8 256s111 248 248 248 248-111 248-248S393 8 256 8z\"><\/path><\/svg>\t\t\t<\/div>\n\t\t<\/div>\n\t\t\t\t\t\t<\/div>\n\t\t\t\t<\/div>\n\t\t\t\t<div class=\"elementor-element elementor-element-6bd621c3 elementor-widget elementor-widget-image\" data-id=\"6bd621c3\" data-element_type=\"widget\" data-widget_type=\"image.default\">\n\t\t\t\t<div class=\"elementor-widget-container\">\n\t\t\t\t\t\t\t\t\t\t\t\t\t\t\t<img fetchpriority=\"high\" decoding=\"async\" width=\"653\" height=\"461\" src=\"https:\/\/edu3dkacja.rzeszow.pl\/wp-content\/uploads\/2025\/06\/unsplash-image-4.webp\" class=\"attachment-large size-large wp-image-68\" alt=\"\" srcset=\"https:\/\/edu3dkacja.rzeszow.pl\/wp-content\/uploads\/2025\/06\/unsplash-image-4.webp 653w, https:\/\/edu3dkacja.rzeszow.pl\/wp-content\/uploads\/2025\/06\/unsplash-image-4-300x212.webp 300w\" sizes=\"(max-width: 653px) 100vw, 653px\" \/>\t\t\t\t\t\t\t\t\t\t\t\t\t\t\t<\/div>\n\t\t\t\t<\/div>\n\t\t\t\t<div class=\"elementor-element elementor-element-702c23ab elementor-view-default elementor-widget elementor-widget-icon\" data-id=\"702c23ab\" data-element_type=\"widget\" data-widget_type=\"icon.default\">\n\t\t\t\t<div class=\"elementor-widget-container\">\n\t\t\t\t\t\t\t<div class=\"elementor-icon-wrapper\">\n\t\t\t<div class=\"elementor-icon\">\n\t\t\t<svg aria-hidden=\"true\" class=\"e-font-icon-svg e-far-circle\" viewBox=\"0 0 512 512\" xmlns=\"http:\/\/www.w3.org\/2000\/svg\"><path d=\"M256 8C119 8 8 119 8 256s111 248 248 248 248-111 248-248S393 8 256 8zm0 448c-110.5 0-200-89.5-200-200S145.5 56 256 56s200 89.5 200 200-89.5 200-200 200z\"><\/path><\/svg>\t\t\t<\/div>\n\t\t<\/div>\n\t\t\t\t\t\t<\/div>\n\t\t\t\t<\/div>\n\t\t\t\t<\/div>\n\t\t\t\t\t<\/div>\n\t\t\t\t<\/div>\n\t\t<div class=\"elementor-element elementor-element-2a1469b8 e-flex e-con-boxed e-con e-parent\" data-id=\"2a1469b8\" data-element_type=\"container\">\n\t\t\t\t\t<div class=\"e-con-inner\">\n\t\t\t\t<div class=\"elementor-element elementor-element-76511e16 elementor-widget elementor-widget-heading\" data-id=\"76511e16\" data-element_type=\"widget\" data-widget_type=\"heading.default\">\n\t\t\t\t<div class=\"elementor-widget-container\">\n\t\t\t\t\t<h2 class=\"elementor-heading-title elementor-size-default\">Cennik <span style=\"color: #FFC800\">ZAJ\u0118\u0106<\/span><\/h2>\t\t\t\t<\/div>\n\t\t\t\t<\/div>\n\t\t\t\t<div class=\"elementor-element elementor-element-72c04d62 elementor-widget-divider--view-line elementor-widget elementor-widget-divider\" data-id=\"72c04d62\" data-element_type=\"widget\" data-widget_type=\"divider.default\">\n\t\t\t\t<div class=\"elementor-widget-container\">\n\t\t\t\t\t\t\t<div class=\"elementor-divider\">\n\t\t\t<span class=\"elementor-divider-separator\">\n\t\t\t\t\t\t<\/span>\n\t\t<\/div>\n\t\t\t\t\t\t<\/div>\n\t\t\t\t<\/div>\n\t\t\t\t<div class=\"elementor-element elementor-element-297362ab elementor-widget elementor-widget-text-editor\" data-id=\"297362ab\" data-element_type=\"widget\" data-widget_type=\"text-editor.default\">\n\t\t\t\t<div class=\"elementor-widget-container\">\n\t\t\t\t\t\t\t\t\t<ul><li>zaj\u0119cia trwaj\u0105 60 minut<\/li><li>spotykamy si\u0119 raz w tygodniu<\/li><li>na ka\u017cdej lekcji uczestnicy otrzymuj\u0105 wydruk 3D swojego projektu<\/li><li>zaj\u0119cia odbywaj\u0105 si\u0119 w szkole po lekcjach<\/li><li>p\u0142atno\u015b\u0107 ratalna\u00a0z g\u00f3ry do 10- go dnia miesi\u0105ca<\/li><\/ul>\t\t\t\t\t\t\t\t<\/div>\n\t\t\t\t<\/div>\n\t\t\t\t<div class=\"elementor-element elementor-element-4156c2a elementor-widget elementor-widget-heading\" data-id=\"4156c2a\" data-element_type=\"widget\" data-widget_type=\"heading.default\">\n\t\t\t\t<div class=\"elementor-widget-container\">\n\t\t\t\t\t<h2 class=\"elementor-heading-title elementor-size-default\">167 z\u0142\/<span style=\"color: #FFC800\">miesi\u0105c*<\/span><\/h2>\t\t\t\t<\/div>\n\t\t\t\t<\/div>\n\t\t\t\t<div class=\"elementor-element elementor-element-3e888f07 elementor-widget elementor-widget-text-editor\" data-id=\"3e888f07\" data-element_type=\"widget\" data-widget_type=\"text-editor.default\">\n\t\t\t\t<div class=\"elementor-widget-container\">\n\t\t\t\t\t\t\t\t\t<p>Rodze\u0144stwo &#8211; 10 z\u0142\u00a0zni\u017cki<br \/>Zapis na kolejny kurs\u00a0&#8211; 10 z\u0142\u00a0zni\u017cki<\/p>\t\t\t\t\t\t\t\t<\/div>\n\t\t\t\t<\/div>\n\t\t\t\t\t<\/div>\n\t\t\t\t<\/div>\n\t\t<div class=\"elementor-element elementor-element-281401fd e-flex e-con-boxed e-con e-parent\" data-id=\"281401fd\" data-element_type=\"container\">\n\t\t\t\t\t<div class=\"e-con-inner\">\n\t\t\t\t<div class=\"elementor-element elementor-element-27a6ea0 elementor-widget elementor-widget-image\" data-id=\"27a6ea0\" data-element_type=\"widget\" data-widget_type=\"image.default\">\n\t\t\t\t<div class=\"elementor-widget-container\">\n\t\t\t\t\t\t\t\t\t\t\t\t\t\t\t<img decoding=\"async\" width=\"262\" height=\"262\" src=\"https:\/\/edu3dkacja.rzeszow.pl\/wp-content\/uploads\/2025\/06\/Saly-31-2.webp\" class=\"attachment-large size-large wp-image-48\" alt=\"\" srcset=\"https:\/\/edu3dkacja.rzeszow.pl\/wp-content\/uploads\/2025\/06\/Saly-31-2.webp 262w, https:\/\/edu3dkacja.rzeszow.pl\/wp-content\/uploads\/2025\/06\/Saly-31-2-150x150.webp 150w\" sizes=\"(max-width: 262px) 100vw, 262px\" \/>\t\t\t\t\t\t\t\t\t\t\t\t\t\t\t<\/div>\n\t\t\t\t<\/div>\n\t\t\t\t<div class=\"elementor-element elementor-element-2ac737d9 elementor-widget elementor-widget-heading\" data-id=\"2ac737d9\" data-element_type=\"widget\" data-widget_type=\"heading.default\">\n\t\t\t\t<div class=\"elementor-widget-container\">\n\t\t\t\t\t<h2 class=\"elementor-heading-title elementor-size-default\">Zapisy ONLINE<\/h2>\t\t\t\t<\/div>\n\t\t\t\t<\/div>\n\t\t\t\t<div class=\"elementor-element elementor-element-28d5c861 elementor-align-center elementor-widget elementor-widget-button\" data-id=\"28d5c861\" data-element_type=\"widget\" data-widget_type=\"button.default\">\n\t\t\t\t<div class=\"elementor-widget-container\">\n\t\t\t\t\t\t\t\t\t<div class=\"elementor-button-wrapper\">\n\t\t\t\t\t<a class=\"elementor-button elementor-button-link elementor-size-sm\" href=\"#\">\n\t\t\t\t\t\t<span class=\"elementor-button-content-wrapper\">\n\t\t\t\t\t\t\t\t\t<span class=\"elementor-button-text\">ZAPISZ DZIECKO<\/span>\n\t\t\t\t\t<\/span>\n\t\t\t\t\t<\/a>\n\t\t\t\t<\/div>\n\t\t\t\t\t\t\t\t<\/div>\n\t\t\t\t<\/div>\n\t\t\t\t\t<\/div>\n\t\t\t\t<\/div>\n\t\t\t\t<\/div>\n\t\t","protected":false},"excerpt":{"rendered":"<p>Cennik Cennik ZAJ\u0118\u0106 zaj\u0119cia trwaj\u0105 60 minut spotykamy si\u0119 raz w tygodniu na ka\u017cdej lekcji uczestnicy otrzymuj\u0105 wydruk 3D swojego projektu zaj\u0119cia odbywaj\u0105 si\u0119 w szkole po lekcjach p\u0142atno\u015b\u0107 ratalna\u00a0z g\u00f3ry do 10- go dnia miesi\u0105ca 167 z\u0142\/miesi\u0105c* Rodze\u0144stwo &#8211; 10 z\u0142\u00a0zni\u017ckiZapis na kolejny kurs\u00a0&#8211; 10 z\u0142\u00a0zni\u017cki Zapisy ONLINE ZAPISZ DZIECKO<\/p>\n","protected":false},"author":1,"featured_media":0,"parent":0,"menu_order":0,"comment_status":"closed","ping_status":"closed","template":"","meta":{"footnotes":""},"class_list":["post-65","page","type-page","status-publish","hentry"],"_links":{"self":[{"href":"https:\/\/edu3dkacja.rzeszow.pl\/index.php?rest_route=\/wp\/v2\/pages\/65","targetHints":{"allow":["GET"]}}],"collection":[{"href":"https:\/\/edu3dkacja.rzeszow.pl\/index.php?rest_route=\/wp\/v2\/pages"}],"about":[{"href":"https:\/\/edu3dkacja.rzeszow.pl\/index.php?rest_route=\/wp\/v2\/types\/page"}],"author":[{"embeddable":true,"href":"https:\/\/edu3dkacja.rzeszow.pl\/index.php?rest_route=\/wp\/v2\/users\/1"}],"replies":[{"embeddable":true,"href":"https:\/\/edu3dkacja.rzeszow.pl\/index.php?rest_route=%2Fwp%2Fv2%2Fcomments&post=65"}],"version-history":[{"count":4,"href":"https:\/\/edu3dkacja.rzeszow.pl\/index.php?rest_route=\/wp\/v2\/pages\/65\/revisions"}],"predecessor-version":[{"id":71,"href":"https:\/\/edu3dkacja.rzeszow.pl\/index.php?rest_route=\/wp\/v2\/pages\/65\/revisions\/71"}],"wp:attachment":[{"href":"https:\/\/edu3dkacja.rzeszow.pl\/index.php?rest_route=%2Fwp%2Fv2%2Fmedia&parent=65"}],"curies":[{"name":"wp","href":"https:\/\/api.w.org\/{rel}","templated":true}]}}